{"id":4264,"date":"2021-05-31T19:14:30","date_gmt":"2021-05-31T19:14:30","guid":{"rendered":"https:\/\/izarbide.net\/inicio\/?page_id=4264"},"modified":"2023-06-20T09:42:51","modified_gmt":"2023-06-20T09:42:51","slug":"politica-de-privacidad","status":"publish","type":"page","link":"https:\/\/izarbide.net\/inicio\/politica-de-privacidad\/","title":{"rendered":"Pol\u00edtica de Privacidad"},"content":{"rendered":"<p><strong><u>POL\u00cdTICA DE PRIVACIDAD DE DATOS<\/u><\/strong><\/p>\n<p><strong>Denominaci\u00f3n social: ASOCIACI\u00d3N IZARBIDE<\/strong><\/p>\n<p><strong>CIF G20799946<\/strong><\/p>\n<p><strong>Domicilio social: C\/ AMARA, 19\u00a0 SAN SEBASTI\u00c1N &#8211; GUIP\u00daZCOA<\/strong><\/p>\n<p><strong>Correo electr\u00f3nico:<\/strong>\u00a0<strong>asociacionizarbide@gmail.com<\/strong><\/p>\n<p><strong>Tel\u00e9fono: 618711533<\/strong><strong>\u00a0<\/strong><\/p>\n<p>De conformidad con lo dispuesto en la Ley Org\u00e1nica de Protecci\u00f3n de Datos de Car\u00e1cter Personal y Garant\u00eda de los Derechos Digitales (LOPDGDD) y el Reglamento (UE) 2016\/679, el responsable del sitio web informa a todos los usuarios:<\/p>\n<p>Los usuarios, aceptan de forma libre e inequ\u00edvoca que sus datos personales sean tratados por parte del prestador para realizar las siguientes finalidades:<\/p>\n<ol>\n<li>Tramitar encargos, solicitudes o cualquier tipo de petici\u00f3n que sea realizada por el usuario a trav\u00e9s de cualquiera de las formas de contacto que se ponen a disposici\u00f3n del usuario en la web<\/li>\n<\/ol>\n<p>Al ponerse en contacto con nosotros por medio de Whatsapp le informamos que esta aplicaci\u00f3n puede compartir sus datos con la red social Facebook.<\/p>\n<p>Sus datos podr\u00e1n ser cedidos a otras entidades que sea necesario para el desarrollo del servicio que ofrece ASOCIACI\u00d3N IZARBIDE.<\/p>\n<p>Los datos solicitados a trav\u00e9s del sitio web son necesarios para la prestaci\u00f3n de un servicio \u00f3ptimo al usuario. En caso de que no sean facilitados todos los datos, el prestador no garantiza que la informaci\u00f3n y servicios facilitados sean completamente ajustados a sus necesidades.<\/p>\n<p><strong>Del mismo modo, el prestador<\/strong> ha adoptado todas las medidas t\u00e9cnicas y de organizaci\u00f3n necesarias para garantizar la seguridad e integridad de los datos de car\u00e1cter personal que trate, as\u00ed como para evitar su p\u00e9rdida, alteraci\u00f3n y\/o acceso por parte de terceros no autorizados.<\/p>\n<p>SEGURIDAD<\/p>\n<p>Todo proceso que conlleve la introducci\u00f3n de datos personales ser\u00e1 siempre transmitido mediante protocolo de comunicaci\u00f3n segura (Https:\/\/,\u2026), de tal forma que ning\u00fan tercero tenga acceso a la informaci\u00f3n transmitida v\u00eda electr\u00f3nica.<\/p>\n<p><strong>INFORMACI\u00d3N PROTECCI\u00d3N DE DATOS RGPD<\/strong><\/p>\n<table width=\"699\">\n<tbody>\n<tr>\n<td width=\"122\"><strong><em>\u201cResponsable\u201d<\/em><\/strong><\/p>\n<p>(del tratamiento)<\/p>\n<p><em>\u00a0<\/em><\/td>\n<td width=\"577\">\n<ul>\n<li>ASOCIACI\u00d3N IZARBIDE<\/li>\n<li>CIF G20799946<\/li>\n<li>C\/ AMARA, 19 SAN SEBASTI\u00c1N &#8211; GUIP\u00daZCOA<\/li>\n<li>TEL: 618711533<\/li>\n<li>E-mail: asociacionizarbide@gmail.com<\/li>\n<\/ul>\n<\/td>\n<\/tr>\n<tr>\n<td width=\"122\"><strong><em>\u201cFinalidad\u201d<\/em><\/strong><\/p>\n<p>(del tratamiento)<\/p>\n<p><em>\u00a0<\/em><\/td>\n<td width=\"577\">\u00b7\u00a0\u00a0\u00a0\u00a0\u00a0\u00a0 Gesti\u00f3n de los clientes \/ usuarios.<\/p>\n<ul>\n<li>Los datos personales proporcionados se conservar\u00e1n mientras no se solicite su supresi\u00f3n por el interesado o dejen de ser necesarios o pertinentes.<\/li>\n<li>No se tomar\u00e1n decisiones automatizadas en base a perfiles.<\/li>\n<\/ul>\n<\/td>\n<\/tr>\n<tr>\n<td width=\"122\"><strong><em>\u201cLegitimaci\u00f3n\u201d<\/em><\/strong><\/p>\n<p>(del tratamiento)<\/p>\n<p><em>\u00a0<\/em><\/td>\n<td width=\"577\">\n<ul>\n<li>Inter\u00e9s leg\u00edtimo del responsable: realizaci\u00f3n del servicio solicitado.<\/li>\n<li>Consentimiento del interesado<\/li>\n<li>Los datos que se le solicitan resultan necesarios para realizar la acci\u00f3n solicitada, de manera que de no facilitarlos no ser\u00e1 posible la prestaci\u00f3n del servicio o solicitud, en este sentido, usted consiente expresamente la recogida y el tratamiento de los mismos para las citadas finalidades.<\/li>\n<\/ul>\n<\/td>\n<\/tr>\n<tr>\n<td width=\"122\"><strong><em>\u201cDestinatarios\u201d<\/em><\/strong><\/p>\n<p>(de cesiones o<\/p>\n<p>transferencias)<\/p>\n<p><em>\u00a0<\/em><\/td>\n<td width=\"577\">\n<ul>\n<li>No se ceder\u00e1n datos a terceros, salvo obligaci\u00f3n legal o autorizaci\u00f3n expresa del interesado.<\/li>\n<\/ul>\n<ul>\n<li>Se puede transferir datos a terceros pa\u00edses por el alojamiento de los correos electr\u00f3nicos de Gmail en Google y Yahoo en Yahoo.\u00a0 Google y Yahoo proporcionan almacenamiento en la nube y cuenta con varias herramientas de gesti\u00f3n de correo electr\u00f3nico, ofim\u00e1tica o gesti\u00f3n de la agenda, cumplen\u00a0 con el marco Privacy Shield entre los EE.\u00a0UU. y la U.E. EE.UU no proporciona un nivel de protecci\u00f3n sustancialmente equivalente al garantizado en la UE<\/li>\n<\/ul>\n<ul>\n<li>Sus datos podr\u00e1n ser cedidos a encargados del tratamiento.<\/li>\n<li>Encargados del tratamiento:<\/li>\n<li>Empresa donde se aloja la web y los correos electr\u00f3nicos.<\/li>\n<\/ul>\n<\/td>\n<\/tr>\n<tr>\n<td width=\"122\"><strong><em>\u201cDerechos\u201d<\/em><\/strong><\/p>\n<p>(de las<\/p>\n<p>personas<\/p>\n<p>interesadas)<\/p>\n<p><em>\u00a0<\/em><\/td>\n<td width=\"577\">\n<ul>\n<li>Derecho a solicitar el acceso a los datos personales relativos al interesado.<\/li>\n<li>Derecho a solicitar su rectificaci\u00f3n o supresi\u00f3n.<\/li>\n<li>Derecho a solicitar la limitaci\u00f3n u oposici\u00f3n de su tratamiento.<\/li>\n<li>Derecho a retirar el consentimiento prestado.<\/li>\n<\/ul>\n<ul>\n<li>Derecho a la portabilidad de los datos.<\/li>\n<li>Derecho a reclamar ante la Autoridad de Control<\/li>\n<li>Existe un sistema de denuncias internas sobre actos o conductas que puedan resultar contrarias a la normativa con el fin de corregir dichos actos o conductas.<\/li>\n<li>Puede ejercer sus derechos en la siguiente direcci\u00f3n de correo electr\u00f3nico: asociacionizarbide@gmail.com<\/li>\n<\/ul>\n<\/td>\n<\/tr>\n<tr>\n<td width=\"122\"><strong><em>\u201cProcedencia\u201d<\/em><\/strong><\/p>\n<p>(de los datos)<\/td>\n<td width=\"577\">\n<ul>\n<li>Los datos proceden del interesado.<\/li>\n<li>Categor\u00eda de datos: Clientes; Usuarios; Personas de contacto<\/li>\n<\/ul>\n<p><em>\u00a0<\/em><\/td>\n<\/tr>\n<\/tbody>\n<\/table>\n<p>Pol\u00edtica de privacidad revisada mayo 2021<\/p>\n","protected":false},"excerpt":{"rendered":"<p>POL\u00cdTICA DE PRIVACIDAD DE DATOS Denominaci\u00f3n social: ASOCIACI\u00d3N IZARBIDE CIF G20799946 Domicilio social: C\/ AMARA, 19\u00a0 SAN SEBASTI\u00c1N &#8211; GUIP\u00daZCOA Correo electr\u00f3nico:\u00a0asociacionizarbide@gmail.com Tel\u00e9fono: 618711533\u00a0 De conformidad con lo dispuesto en la Ley Org\u00e1nica de Protecci\u00f3n de Datos de Car\u00e1cter Personal y Garant\u00eda de los Derechos Digitales (LOPDGDD) y el Reglamento (UE) 2016\/679, el responsable del [&hellip;]<\/p>\n","protected":false},"author":6,"featured_media":0,"parent":0,"menu_order":0,"comment_status":"closed","ping_status":"closed","template":"","meta":{"footnotes":""},"class_list":["post-4264","page","type-page","status-publish","czr-hentry"],"yoast_head":"<!-- This site is optimized with the Yoast SEO plugin v27.5 - https:\/\/yoast.com\/product\/yoast-seo-wordpress\/ -->\n<title>Pol\u00edtica de Privacidad - IZARBIDE<\/title>\n<meta name=\"robots\" content=\"index, follow, max-snippet:-1, max-image-preview:large, max-video-preview:-1\" \/>\n<link rel=\"canonical\" href=\"https:\/\/izarbide.net\/inicio\/politica-de-privacidad\/\" \/>\n<meta property=\"og:locale\" content=\"es_ES\" \/>\n<meta property=\"og:type\" content=\"article\" \/>\n<meta property=\"og:title\" content=\"Pol\u00edtica de Privacidad - IZARBIDE\" \/>\n<meta property=\"og:description\" content=\"POL\u00cdTICA DE PRIVACIDAD DE DATOS Denominaci\u00f3n social: ASOCIACI\u00d3N IZARBIDE CIF G20799946 Domicilio social: C\/ AMARA, 19\u00a0 SAN SEBASTI\u00c1N &#8211; GUIP\u00daZCOA Correo electr\u00f3nico:\u00a0asociacionizarbide@gmail.com Tel\u00e9fono: 618711533\u00a0 De conformidad con lo dispuesto en la Ley Org\u00e1nica de Protecci\u00f3n de Datos de Car\u00e1cter Personal y Garant\u00eda de los Derechos Digitales (LOPDGDD) y el Reglamento (UE) 2016\/679, el responsable del [&hellip;]\" \/>\n<meta property=\"og:url\" content=\"https:\/\/izarbide.net\/inicio\/politica-de-privacidad\/\" \/>\n<meta property=\"og:site_name\" content=\"IZARBIDE\" \/>\n<meta property=\"article:modified_time\" content=\"2023-06-20T09:42:51+00:00\" \/>\n<meta name=\"twitter:card\" content=\"summary_large_image\" \/>\n<meta name=\"twitter:label1\" content=\"Tiempo de lectura\" \/>\n\t<meta name=\"twitter:data1\" content=\"3 minutos\" \/>\n<script type=\"application\/ld+json\" class=\"yoast-schema-graph\">{\"@context\":\"https:\\\/\\\/schema.org\",\"@graph\":[{\"@type\":\"WebPage\",\"@id\":\"https:\\\/\\\/izarbide.net\\\/inicio\\\/politica-de-privacidad\\\/\",\"url\":\"https:\\\/\\\/izarbide.net\\\/inicio\\\/politica-de-privacidad\\\/\",\"name\":\"Pol\u00edtica de Privacidad - IZARBIDE\",\"isPartOf\":{\"@id\":\"https:\\\/\\\/izarbide.net\\\/inicio\\\/#website\"},\"datePublished\":\"2021-05-31T19:14:30+00:00\",\"dateModified\":\"2023-06-20T09:42:51+00:00\",\"breadcrumb\":{\"@id\":\"https:\\\/\\\/izarbide.net\\\/inicio\\\/politica-de-privacidad\\\/#breadcrumb\"},\"inLanguage\":\"es\",\"potentialAction\":[{\"@type\":\"ReadAction\",\"target\":[\"https:\\\/\\\/izarbide.net\\\/inicio\\\/politica-de-privacidad\\\/\"]}]},{\"@type\":\"BreadcrumbList\",\"@id\":\"https:\\\/\\\/izarbide.net\\\/inicio\\\/politica-de-privacidad\\\/#breadcrumb\",\"itemListElement\":[{\"@type\":\"ListItem\",\"position\":1,\"name\":\"Portada\",\"item\":\"https:\\\/\\\/izarbide.net\\\/inicio\\\/\"},{\"@type\":\"ListItem\",\"position\":2,\"name\":\"Pol\u00edtica de Privacidad\"}]},{\"@type\":\"WebSite\",\"@id\":\"https:\\\/\\\/izarbide.net\\\/inicio\\\/#website\",\"url\":\"https:\\\/\\\/izarbide.net\\\/inicio\\\/\",\"name\":\"IZARBIDE\",\"description\":\"Asociaci\u00f3n de Mayores Voluntarios en Inform\u00e1tica de Gipuzkoa - Gipuzkoako borondatezko adinekoen informatika arloko elkartea\",\"publisher\":{\"@id\":\"https:\\\/\\\/izarbide.net\\\/inicio\\\/#organization\"},\"potentialAction\":[{\"@type\":\"SearchAction\",\"target\":{\"@type\":\"EntryPoint\",\"urlTemplate\":\"https:\\\/\\\/izarbide.net\\\/inicio\\\/?s={search_term_string}\"},\"query-input\":{\"@type\":\"PropertyValueSpecification\",\"valueRequired\":true,\"valueName\":\"search_term_string\"}}],\"inLanguage\":\"es\"},{\"@type\":\"Organization\",\"@id\":\"https:\\\/\\\/izarbide.net\\\/inicio\\\/#organization\",\"name\":\"Izarbide\",\"url\":\"https:\\\/\\\/izarbide.net\\\/inicio\\\/\",\"logo\":{\"@type\":\"ImageObject\",\"inLanguage\":\"es\",\"@id\":\"https:\\\/\\\/izarbide.net\\\/inicio\\\/#\\\/schema\\\/logo\\\/image\\\/\",\"url\":\"https:\\\/\\\/izarbide.net\\\/wp-content\\\/uploads\\\/2017\\\/02\\\/Logo-IZARBIDE-Web.jpg\",\"contentUrl\":\"https:\\\/\\\/izarbide.net\\\/wp-content\\\/uploads\\\/2017\\\/02\\\/Logo-IZARBIDE-Web.jpg\",\"width\":205,\"height\":140,\"caption\":\"Izarbide\"},\"image\":{\"@id\":\"https:\\\/\\\/izarbide.net\\\/inicio\\\/#\\\/schema\\\/logo\\\/image\\\/\"}}]}<\/script>\n<!-- \/ Yoast SEO plugin. -->","yoast_head_json":{"title":"Pol\u00edtica de Privacidad - IZARBIDE","robots":{"index":"index","follow":"follow","max-snippet":"max-snippet:-1","max-image-preview":"max-image-preview:large","max-video-preview":"max-video-preview:-1"},"canonical":"https:\/\/izarbide.net\/inicio\/politica-de-privacidad\/","og_locale":"es_ES","og_type":"article","og_title":"Pol\u00edtica de Privacidad - IZARBIDE","og_description":"POL\u00cdTICA DE PRIVACIDAD DE DATOS Denominaci\u00f3n social: ASOCIACI\u00d3N IZARBIDE CIF G20799946 Domicilio social: C\/ AMARA, 19\u00a0 SAN SEBASTI\u00c1N &#8211; GUIP\u00daZCOA Correo electr\u00f3nico:\u00a0asociacionizarbide@gmail.com Tel\u00e9fono: 618711533\u00a0 De conformidad con lo dispuesto en la Ley Org\u00e1nica de Protecci\u00f3n de Datos de Car\u00e1cter Personal y Garant\u00eda de los Derechos Digitales (LOPDGDD) y el Reglamento (UE) 2016\/679, el responsable del [&hellip;]","og_url":"https:\/\/izarbide.net\/inicio\/politica-de-privacidad\/","og_site_name":"IZARBIDE","article_modified_time":"2023-06-20T09:42:51+00:00","twitter_card":"summary_large_image","twitter_misc":{"Tiempo de lectura":"3 minutos"},"schema":{"@context":"https:\/\/schema.org","@graph":[{"@type":"WebPage","@id":"https:\/\/izarbide.net\/inicio\/politica-de-privacidad\/","url":"https:\/\/izarbide.net\/inicio\/politica-de-privacidad\/","name":"Pol\u00edtica de Privacidad - IZARBIDE","isPartOf":{"@id":"https:\/\/izarbide.net\/inicio\/#website"},"datePublished":"2021-05-31T19:14:30+00:00","dateModified":"2023-06-20T09:42:51+00:00","breadcrumb":{"@id":"https:\/\/izarbide.net\/inicio\/politica-de-privacidad\/#breadcrumb"},"inLanguage":"es","potentialAction":[{"@type":"ReadAction","target":["https:\/\/izarbide.net\/inicio\/politica-de-privacidad\/"]}]},{"@type":"BreadcrumbList","@id":"https:\/\/izarbide.net\/inicio\/politica-de-privacidad\/#breadcrumb","itemListElement":[{"@type":"ListItem","position":1,"name":"Portada","item":"https:\/\/izarbide.net\/inicio\/"},{"@type":"ListItem","position":2,"name":"Pol\u00edtica de Privacidad"}]},{"@type":"WebSite","@id":"https:\/\/izarbide.net\/inicio\/#website","url":"https:\/\/izarbide.net\/inicio\/","name":"IZARBIDE","description":"Asociaci\u00f3n de Mayores Voluntarios en Inform\u00e1tica de Gipuzkoa - Gipuzkoako borondatezko adinekoen informatika arloko elkartea","publisher":{"@id":"https:\/\/izarbide.net\/inicio\/#organization"},"potentialAction":[{"@type":"SearchAction","target":{"@type":"EntryPoint","urlTemplate":"https:\/\/izarbide.net\/inicio\/?s={search_term_string}"},"query-input":{"@type":"PropertyValueSpecification","valueRequired":true,"valueName":"search_term_string"}}],"inLanguage":"es"},{"@type":"Organization","@id":"https:\/\/izarbide.net\/inicio\/#organization","name":"Izarbide","url":"https:\/\/izarbide.net\/inicio\/","logo":{"@type":"ImageObject","inLanguage":"es","@id":"https:\/\/izarbide.net\/inicio\/#\/schema\/logo\/image\/","url":"https:\/\/izarbide.net\/wp-content\/uploads\/2017\/02\/Logo-IZARBIDE-Web.jpg","contentUrl":"https:\/\/izarbide.net\/wp-content\/uploads\/2017\/02\/Logo-IZARBIDE-Web.jpg","width":205,"height":140,"caption":"Izarbide"},"image":{"@id":"https:\/\/izarbide.net\/inicio\/#\/schema\/logo\/image\/"}}]}},"_links":{"self":[{"href":"https:\/\/izarbide.net\/inicio\/wp-json\/wp\/v2\/pages\/4264","targetHints":{"allow":["GET"]}}],"collection":[{"href":"https:\/\/izarbide.net\/inicio\/wp-json\/wp\/v2\/pages"}],"about":[{"href":"https:\/\/izarbide.net\/inicio\/wp-json\/wp\/v2\/types\/page"}],"author":[{"embeddable":true,"href":"https:\/\/izarbide.net\/inicio\/wp-json\/wp\/v2\/users\/6"}],"replies":[{"embeddable":true,"href":"https:\/\/izarbide.net\/inicio\/wp-json\/wp\/v2\/comments?post=4264"}],"version-history":[{"count":0,"href":"https:\/\/izarbide.net\/inicio\/wp-json\/wp\/v2\/pages\/4264\/revisions"}],"wp:attachment":[{"href":"https:\/\/izarbide.net\/inicio\/wp-json\/wp\/v2\/media?parent=4264"}],"curies":[{"name":"wp","href":"https:\/\/api.w.org\/{rel}","templated":true}]}}