{"id":2698,"date":"2017-02-24T09:49:03","date_gmt":"2017-02-24T09:49:03","guid":{"rendered":"http:\/\/izarbide.net\/inicio\/?page_id=2698"},"modified":"2021-04-26T07:52:56","modified_gmt":"2021-04-26T07:52:56","slug":"inicio","status":"publish","type":"page","link":"https:\/\/izarbide.net\/inicio\/","title":{"rendered":"INICIO"},"content":{"rendered":"<p><span style=\"font-family: arial, helvetica, sans-serif; font-size: 14pt;\">La creaci\u00f3n de la Asociaci\u00f3n Izarbide, se remonta a 2002.<\/span><\/p>\n<p><span style=\"font-family: arial, helvetica, sans-serif; font-size: 14pt;\">Catorce fundadores llevaron a efecto, una Asamblea de Constituci\u00f3n, el 26 de noviembre de 2002 y aprobaron, por unanimidad, la creaci\u00f3n de la Asociaci\u00f3n\u00a0<strong>IZARBIDE GIPUZKOAKO BORONDATEZKO ADINEKOEN INFORMATIKA ARLOKO ELKARTEA \u2013 ASOCIACI\u00d3N DE MAYORES VOLUNTARIOS EN INFORM\u00c1TICA DE GIPUZKOA<\/strong>.<\/span><\/p>\n<p><span style=\"font-family: arial, helvetica, sans-serif; font-size: 14pt;\">Los fines de esta ASOCIACI\u00d3N:<\/span><\/p>\n<ol>\n<li><span style=\"font-family: arial, helvetica, sans-serif; font-size: 14pt;\">Fomentar en Gipuzkoa el voluntariado, en el \u00e1mbito de las nuevas tecnolog\u00edas, destinado a las personas mayores, y grupos en riesgo de exclusi\u00f3n social.<\/span><\/li>\n<li><span style=\"font-family: arial, helvetica, sans-serif; font-size: 14pt;\">Realizaci\u00f3n de actividades, como promover la edici\u00f3n de publicaciones peri\u00f3dicas, organizar cursos y reuniones participativas, potenciar el voluntariado, y cuantas otras se consideren pertinentes, y se aprueben por la Asamblea General.<\/span><\/li>\n<li><span style=\"font-family: arial, helvetica, sans-serif; font-size: 14pt;\">Facilitar la cooperaci\u00f3n entre sus miembros, y con asociaciones o instituciones nacionales y\/o internacionales, en orden al mayor progreso de sus finalidades.<\/span><\/li>\n<li><span style=\"font-family: arial, helvetica, sans-serif; font-size: 14pt;\">Fomentar el desarrollo sociocultural de la persona mayor, promover y realizar actividades y servicios encaminados a mantener a la persona mayor en su entorno social, y organizar actividades recreativas, o de otra \u00edndole, que favorezcan su integraci\u00f3n en la vida social de la Comunidad.<\/span><\/li>\n<li><span style=\"font-family: arial, helvetica, sans-serif; font-size: 14pt;\">Cualesquiera otros que sean necesarios para la realizaci\u00f3n de los anteriormente mencionados, as\u00ed como aquellos que la legislaci\u00f3n vigente autorice.<\/span><\/li>\n<\/ol>\n","protected":false},"excerpt":{"rendered":"<p>La creaci\u00f3n de la Asociaci\u00f3n Izarbide, se remonta a 2002. Catorce fundadores llevaron a efecto, una Asamblea de Constituci\u00f3n, el 26 de noviembre de 2002 y aprobaron, por unanimidad, la creaci\u00f3n de la Asociaci\u00f3n\u00a0IZARBIDE GIPUZKOAKO BORONDATEZKO ADINEKOEN INFORMATIKA ARLOKO ELKARTEA \u2013 ASOCIACI\u00d3N DE MAYORES VOLUNTARIOS EN INFORM\u00c1TICA DE GIPUZKOA. Los fines de esta ASOCIACI\u00d3N: Fomentar [&hellip;]<\/p>\n","protected":false},"author":6,"featured_media":0,"parent":0,"menu_order":0,"comment_status":"closed","ping_status":"closed","template":"","meta":{"footnotes":""},"class_list":["post-2698","page","type-page","status-publish","czr-hentry"],"yoast_head":"<!-- This site is optimized with the Yoast SEO plugin v27.5 - https:\/\/yoast.com\/product\/yoast-seo-wordpress\/ -->\n<title>Izarbide<\/title>\n<meta name=\"description\" content=\"Izarbide es una asociaci\u00f3n integrada por m\u00e1s de 120 voluntarios, que apoyan en las aulas de inform\u00e1tica de los centros de la tercera edad de Gipuzkoa.\" \/>\n<meta name=\"robots\" content=\"index, follow, max-snippet:-1, max-image-preview:large, max-video-preview:-1\" \/>\n<link rel=\"canonical\" href=\"https:\/\/izarbide.net\/inicio\/\" \/>\n<meta property=\"og:locale\" content=\"es_ES\" \/>\n<meta property=\"og:type\" content=\"article\" \/>\n<meta property=\"og:title\" content=\"Izarbide\" \/>\n<meta property=\"og:description\" content=\"Izarbide es una asociaci\u00f3n integrada por m\u00e1s de 120 voluntarios, que apoyan en las aulas de inform\u00e1tica de los centros de la tercera edad de Gipuzkoa.\" \/>\n<meta property=\"og:url\" content=\"https:\/\/izarbide.net\/inicio\/\" \/>\n<meta property=\"og:site_name\" content=\"IZARBIDE\" \/>\n<meta property=\"article:modified_time\" content=\"2021-04-26T07:52:56+00:00\" \/>\n<meta name=\"twitter:card\" content=\"summary_large_image\" \/>\n<meta name=\"twitter:label1\" content=\"Tiempo de lectura\" \/>\n\t<meta name=\"twitter:data1\" content=\"1 minuto\" \/>\n<script type=\"application\/ld+json\" class=\"yoast-schema-graph\">{\"@context\":\"https:\\\/\\\/schema.org\",\"@graph\":[{\"@type\":\"WebPage\",\"@id\":\"https:\\\/\\\/izarbide.net\\\/inicio\\\/\",\"url\":\"https:\\\/\\\/izarbide.net\\\/inicio\\\/\",\"name\":\"Izarbide\",\"isPartOf\":{\"@id\":\"https:\\\/\\\/izarbide.net\\\/inicio\\\/#website\"},\"datePublished\":\"2017-02-24T09:49:03+00:00\",\"dateModified\":\"2021-04-26T07:52:56+00:00\",\"description\":\"Izarbide es una asociaci\u00f3n integrada por m\u00e1s de 120 voluntarios, que apoyan en las aulas de inform\u00e1tica de los centros de la tercera edad de Gipuzkoa.\",\"breadcrumb\":{\"@id\":\"https:\\\/\\\/izarbide.net\\\/inicio\\\/#breadcrumb\"},\"inLanguage\":\"es\",\"potentialAction\":[{\"@type\":\"ReadAction\",\"target\":[\"https:\\\/\\\/izarbide.net\\\/inicio\\\/\"]}]},{\"@type\":\"BreadcrumbList\",\"@id\":\"https:\\\/\\\/izarbide.net\\\/inicio\\\/#breadcrumb\",\"itemListElement\":[{\"@type\":\"ListItem\",\"position\":1,\"name\":\"Portada\",\"item\":\"https:\\\/\\\/izarbide.net\\\/inicio\\\/\"},{\"@type\":\"ListItem\",\"position\":2,\"name\":\"INICIO\"}]},{\"@type\":\"WebSite\",\"@id\":\"https:\\\/\\\/izarbide.net\\\/inicio\\\/#website\",\"url\":\"https:\\\/\\\/izarbide.net\\\/inicio\\\/\",\"name\":\"IZARBIDE\",\"description\":\"Asociaci\u00f3n de Mayores Voluntarios en Inform\u00e1tica de Gipuzkoa - Gipuzkoako borondatezko adinekoen informatika arloko elkartea\",\"publisher\":{\"@id\":\"https:\\\/\\\/izarbide.net\\\/inicio\\\/#organization\"},\"potentialAction\":[{\"@type\":\"SearchAction\",\"target\":{\"@type\":\"EntryPoint\",\"urlTemplate\":\"https:\\\/\\\/izarbide.net\\\/inicio\\\/?s={search_term_string}\"},\"query-input\":{\"@type\":\"PropertyValueSpecification\",\"valueRequired\":true,\"valueName\":\"search_term_string\"}}],\"inLanguage\":\"es\"},{\"@type\":\"Organization\",\"@id\":\"https:\\\/\\\/izarbide.net\\\/inicio\\\/#organization\",\"name\":\"Izarbide\",\"url\":\"https:\\\/\\\/izarbide.net\\\/inicio\\\/\",\"logo\":{\"@type\":\"ImageObject\",\"inLanguage\":\"es\",\"@id\":\"https:\\\/\\\/izarbide.net\\\/inicio\\\/#\\\/schema\\\/logo\\\/image\\\/\",\"url\":\"https:\\\/\\\/izarbide.net\\\/wp-content\\\/uploads\\\/2017\\\/02\\\/Logo-IZARBIDE-Web.jpg\",\"contentUrl\":\"https:\\\/\\\/izarbide.net\\\/wp-content\\\/uploads\\\/2017\\\/02\\\/Logo-IZARBIDE-Web.jpg\",\"width\":205,\"height\":140,\"caption\":\"Izarbide\"},\"image\":{\"@id\":\"https:\\\/\\\/izarbide.net\\\/inicio\\\/#\\\/schema\\\/logo\\\/image\\\/\"}}]}<\/script>\n<!-- \/ Yoast SEO plugin. -->","yoast_head_json":{"title":"Izarbide","description":"Izarbide es una asociaci\u00f3n integrada por m\u00e1s de 120 voluntarios, que apoyan en las aulas de inform\u00e1tica de los centros de la tercera edad de Gipuzkoa.","robots":{"index":"index","follow":"follow","max-snippet":"max-snippet:-1","max-image-preview":"max-image-preview:large","max-video-preview":"max-video-preview:-1"},"canonical":"https:\/\/izarbide.net\/inicio\/","og_locale":"es_ES","og_type":"article","og_title":"Izarbide","og_description":"Izarbide es una asociaci\u00f3n integrada por m\u00e1s de 120 voluntarios, que apoyan en las aulas de inform\u00e1tica de los centros de la tercera edad de Gipuzkoa.","og_url":"https:\/\/izarbide.net\/inicio\/","og_site_name":"IZARBIDE","article_modified_time":"2021-04-26T07:52:56+00:00","twitter_card":"summary_large_image","twitter_misc":{"Tiempo de lectura":"1 minuto"},"schema":{"@context":"https:\/\/schema.org","@graph":[{"@type":"WebPage","@id":"https:\/\/izarbide.net\/inicio\/","url":"https:\/\/izarbide.net\/inicio\/","name":"Izarbide","isPartOf":{"@id":"https:\/\/izarbide.net\/inicio\/#website"},"datePublished":"2017-02-24T09:49:03+00:00","dateModified":"2021-04-26T07:52:56+00:00","description":"Izarbide es una asociaci\u00f3n integrada por m\u00e1s de 120 voluntarios, que apoyan en las aulas de inform\u00e1tica de los centros de la tercera edad de Gipuzkoa.","breadcrumb":{"@id":"https:\/\/izarbide.net\/inicio\/#breadcrumb"},"inLanguage":"es","potentialAction":[{"@type":"ReadAction","target":["https:\/\/izarbide.net\/inicio\/"]}]},{"@type":"BreadcrumbList","@id":"https:\/\/izarbide.net\/inicio\/#breadcrumb","itemListElement":[{"@type":"ListItem","position":1,"name":"Portada","item":"https:\/\/izarbide.net\/inicio\/"},{"@type":"ListItem","position":2,"name":"INICIO"}]},{"@type":"WebSite","@id":"https:\/\/izarbide.net\/inicio\/#website","url":"https:\/\/izarbide.net\/inicio\/","name":"IZARBIDE","description":"Asociaci\u00f3n de Mayores Voluntarios en Inform\u00e1tica de Gipuzkoa - Gipuzkoako borondatezko adinekoen informatika arloko elkartea","publisher":{"@id":"https:\/\/izarbide.net\/inicio\/#organization"},"potentialAction":[{"@type":"SearchAction","target":{"@type":"EntryPoint","urlTemplate":"https:\/\/izarbide.net\/inicio\/?s={search_term_string}"},"query-input":{"@type":"PropertyValueSpecification","valueRequired":true,"valueName":"search_term_string"}}],"inLanguage":"es"},{"@type":"Organization","@id":"https:\/\/izarbide.net\/inicio\/#organization","name":"Izarbide","url":"https:\/\/izarbide.net\/inicio\/","logo":{"@type":"ImageObject","inLanguage":"es","@id":"https:\/\/izarbide.net\/inicio\/#\/schema\/logo\/image\/","url":"https:\/\/izarbide.net\/wp-content\/uploads\/2017\/02\/Logo-IZARBIDE-Web.jpg","contentUrl":"https:\/\/izarbide.net\/wp-content\/uploads\/2017\/02\/Logo-IZARBIDE-Web.jpg","width":205,"height":140,"caption":"Izarbide"},"image":{"@id":"https:\/\/izarbide.net\/inicio\/#\/schema\/logo\/image\/"}}]}},"_links":{"self":[{"href":"https:\/\/izarbide.net\/inicio\/wp-json\/wp\/v2\/pages\/2698","targetHints":{"allow":["GET"]}}],"collection":[{"href":"https:\/\/izarbide.net\/inicio\/wp-json\/wp\/v2\/pages"}],"about":[{"href":"https:\/\/izarbide.net\/inicio\/wp-json\/wp\/v2\/types\/page"}],"author":[{"embeddable":true,"href":"https:\/\/izarbide.net\/inicio\/wp-json\/wp\/v2\/users\/6"}],"replies":[{"embeddable":true,"href":"https:\/\/izarbide.net\/inicio\/wp-json\/wp\/v2\/comments?post=2698"}],"version-history":[{"count":0,"href":"https:\/\/izarbide.net\/inicio\/wp-json\/wp\/v2\/pages\/2698\/revisions"}],"wp:attachment":[{"href":"https:\/\/izarbide.net\/inicio\/wp-json\/wp\/v2\/media?parent=2698"}],"curies":[{"name":"wp","href":"https:\/\/api.w.org\/{rel}","templated":true}]}}